{"id":2710,"date":"2026-02-12T12:49:43","date_gmt":"2026-02-12T12:49:43","guid":{"rendered":"https:\/\/queseraherencianacofer.com\/payment-and-delivery-methods\/"},"modified":"2026-02-19T12:42:29","modified_gmt":"2026-02-19T12:42:29","slug":"payment-and-delivery-methods","status":"publish","type":"page","link":"https:\/\/queseraherencianacofer.com\/en\/payment-and-delivery-methods\/","title":{"rendered":"Payment and delivery methods"},"content":{"rendered":"\n<p><\/p>\n\n<p>Realiza tus compras con total seguridad.<\/p>\n\n<p>Para ello dispones de las siguientes opciones de pago:<\/p>\n\n<p><strong>Paypal<\/strong>: Puedes pagar con tarjeta de credito o con tu cuenta de Paypal a traves de esta plataforma de pagos, las mas popular, utilizada y segura de internet.<\/p>\n\n<p><strong>La Caixa<\/strong>: Puedes pagar con cualquier tarjeta de credito admitida por la pasalera de pago de esta entidad.<\/p>\n\n<p><strong>Contrareembolso<\/strong>: Para comprar nuestros productos y pagar a la recepcion del pedido, debes realizar el mismo via telefonica llamando a alguno de los siguientes numeros; Tfno. 926 57 14 11 &#8211; Mov. 635 69 75 47<\/p>\n\n<p>En este caso debes saber que se te cargara un 5% del valor del pedido en concepto de gastos del servicio de contrareembolso.<\/p>\n\n<p><\/p>\n\n<h2 class=\"wp-block-heading\">Servicios de Transporte y Plazos de Entrega<\/h2>\n\n<p>Los plazos de entrega y costos var\u00edan seg\u00fan el tipo de env\u00edo:<\/p>\n\n<p>Entre 24 y 48 horas (dias laborales) (sabados, domingos y festivos no hay reparto)<\/p>\n\n<p>La entrega esta sujetas a las condiciones expresas del transportista que realiza el servicio.<\/p>\n\n<p>Para su ahorro y comodidad en el servicio de transporte y entrega disponemos de acuerdos con una de las mas eficientes empresas nacionales, lideres en su sector como son <a href=\"http:\/\/www.tourlineexpress.com\/\" target=\"_blank\" rel=\"noreferrer noopener\">Tourline Express<\/a>.<\/p>\n\n<p>Los paquetes son generalmente enviados en las siguientes horas despu\u00e9s de la recepci\u00f3n de su pago.<\/p>\n\n<p>Los gastos de env\u00edo incluyen el embalaje, la manipulaci\u00f3n y env\u00edo y pueden contener una parte fija y una parte variable basada en el precio, o el peso de su pedido.<\/p>\n\n<p>Le recomendamos concentrar sus compras en un solo envio a fin de evitar pagar gastos de env\u00edo duplicados.<\/p>\n","protected":false},"excerpt":{"rendered":"<p>Realiza tus compras con total seguridad. Para ello dispones de las siguientes opciones de pago: Paypal: Puedes pagar con tarjeta de credito o con tu cuenta de Paypal a traves de esta plataforma de pagos, las mas popular, utilizada y segura de internet. La Caixa: Puedes pagar con cualquier tarjeta de credito admitida por la [&hellip;]<\/p>\n","protected":false},"author":1,"featured_media":0,"parent":0,"menu_order":0,"comment_status":"closed","ping_status":"closed","template":"","meta":{"_acf_changed":false,"footnotes":""},"class_list":["post-2710","page","type-page","status-publish","hentry"],"acf":[],"yoast_head":"<!-- This site is optimized with the Yoast SEO plugin v27.5 - https:\/\/yoast.com\/product\/yoast-seo-wordpress\/ -->\n<title>Payment and delivery methods - Quesera Herenciana Cofer<\/title>\n<meta name=\"robots\" content=\"index, follow, max-snippet:-1, max-image-preview:large, max-video-preview:-1\" \/>\n<link rel=\"canonical\" href=\"https:\/\/queseraherencianacofer.com\/en\/payment-and-delivery-methods\/\" \/>\n<meta property=\"og:locale\" content=\"en_US\" \/>\n<meta property=\"og:type\" content=\"article\" \/>\n<meta property=\"og:title\" content=\"Payment and delivery methods - Quesera Herenciana Cofer\" \/>\n<meta property=\"og:description\" content=\"Realiza tus compras con total seguridad. Para ello dispones de las siguientes opciones de pago: Paypal: Puedes pagar con tarjeta de credito o con tu cuenta de Paypal a traves de esta plataforma de pagos, las mas popular, utilizada y segura de internet. La Caixa: Puedes pagar con cualquier tarjeta de credito admitida por la [&hellip;]\" \/>\n<meta property=\"og:url\" content=\"https:\/\/queseraherencianacofer.com\/en\/payment-and-delivery-methods\/\" \/>\n<meta property=\"og:site_name\" content=\"Quesera Herenciana Cofer\" \/>\n<meta property=\"article:modified_time\" content=\"2026-02-19T12:42:29+00:00\" \/>\n<meta name=\"twitter:card\" content=\"summary_large_image\" \/>\n<meta name=\"twitter:label1\" content=\"Est. reading time\" \/>\n\t<meta name=\"twitter:data1\" content=\"1 minute\" \/>\n<script type=\"application\/ld+json\" class=\"yoast-schema-graph\">{\"@context\":\"https:\\\/\\\/schema.org\",\"@graph\":[{\"@type\":\"WebPage\",\"@id\":\"https:\\\/\\\/queseraherencianacofer.com\\\/en\\\/payment-and-delivery-methods\\\/\",\"url\":\"https:\\\/\\\/queseraherencianacofer.com\\\/en\\\/payment-and-delivery-methods\\\/\",\"name\":\"Payment and delivery methods - Quesera Herenciana Cofer\",\"isPartOf\":{\"@id\":\"https:\\\/\\\/queseraherencianacofer.com\\\/en\\\/#website\"},\"datePublished\":\"2026-02-12T12:49:43+00:00\",\"dateModified\":\"2026-02-19T12:42:29+00:00\",\"breadcrumb\":{\"@id\":\"https:\\\/\\\/queseraherencianacofer.com\\\/en\\\/payment-and-delivery-methods\\\/#breadcrumb\"},\"inLanguage\":\"en-US\",\"potentialAction\":[{\"@type\":\"ReadAction\",\"target\":[\"https:\\\/\\\/queseraherencianacofer.com\\\/en\\\/payment-and-delivery-methods\\\/\"]}]},{\"@type\":\"BreadcrumbList\",\"@id\":\"https:\\\/\\\/queseraherencianacofer.com\\\/en\\\/payment-and-delivery-methods\\\/#breadcrumb\",\"itemListElement\":[{\"@type\":\"ListItem\",\"position\":1,\"name\":\"Portada\",\"item\":\"https:\\\/\\\/queseraherencianacofer.com\\\/en\\\/home\\\/\"},{\"@type\":\"ListItem\",\"position\":2,\"name\":\"Payment and delivery methods\"}]},{\"@type\":\"WebSite\",\"@id\":\"https:\\\/\\\/queseraherencianacofer.com\\\/en\\\/#website\",\"url\":\"https:\\\/\\\/queseraherencianacofer.com\\\/en\\\/\",\"name\":\"Quesera Herenciana Cofer\",\"description\":\"Queso Manchego de Oveja\",\"potentialAction\":[{\"@type\":\"SearchAction\",\"target\":{\"@type\":\"EntryPoint\",\"urlTemplate\":\"https:\\\/\\\/queseraherencianacofer.com\\\/en\\\/?s={search_term_string}\"},\"query-input\":{\"@type\":\"PropertyValueSpecification\",\"valueRequired\":true,\"valueName\":\"search_term_string\"}}],\"inLanguage\":\"en-US\"}]}<\/script>\n<!-- \/ Yoast SEO plugin. -->","yoast_head_json":{"title":"Payment and delivery methods - Quesera Herenciana Cofer","robots":{"index":"index","follow":"follow","max-snippet":"max-snippet:-1","max-image-preview":"max-image-preview:large","max-video-preview":"max-video-preview:-1"},"canonical":"https:\/\/queseraherencianacofer.com\/en\/payment-and-delivery-methods\/","og_locale":"en_US","og_type":"article","og_title":"Payment and delivery methods - Quesera Herenciana Cofer","og_description":"Realiza tus compras con total seguridad. Para ello dispones de las siguientes opciones de pago: Paypal: Puedes pagar con tarjeta de credito o con tu cuenta de Paypal a traves de esta plataforma de pagos, las mas popular, utilizada y segura de internet. La Caixa: Puedes pagar con cualquier tarjeta de credito admitida por la [&hellip;]","og_url":"https:\/\/queseraherencianacofer.com\/en\/payment-and-delivery-methods\/","og_site_name":"Quesera Herenciana Cofer","article_modified_time":"2026-02-19T12:42:29+00:00","twitter_card":"summary_large_image","twitter_misc":{"Est. reading time":"1 minute"},"schema":{"@context":"https:\/\/schema.org","@graph":[{"@type":"WebPage","@id":"https:\/\/queseraherencianacofer.com\/en\/payment-and-delivery-methods\/","url":"https:\/\/queseraherencianacofer.com\/en\/payment-and-delivery-methods\/","name":"Payment and delivery methods - Quesera Herenciana Cofer","isPartOf":{"@id":"https:\/\/queseraherencianacofer.com\/en\/#website"},"datePublished":"2026-02-12T12:49:43+00:00","dateModified":"2026-02-19T12:42:29+00:00","breadcrumb":{"@id":"https:\/\/queseraherencianacofer.com\/en\/payment-and-delivery-methods\/#breadcrumb"},"inLanguage":"en-US","potentialAction":[{"@type":"ReadAction","target":["https:\/\/queseraherencianacofer.com\/en\/payment-and-delivery-methods\/"]}]},{"@type":"BreadcrumbList","@id":"https:\/\/queseraherencianacofer.com\/en\/payment-and-delivery-methods\/#breadcrumb","itemListElement":[{"@type":"ListItem","position":1,"name":"Portada","item":"https:\/\/queseraherencianacofer.com\/en\/home\/"},{"@type":"ListItem","position":2,"name":"Payment and delivery methods"}]},{"@type":"WebSite","@id":"https:\/\/queseraherencianacofer.com\/en\/#website","url":"https:\/\/queseraherencianacofer.com\/en\/","name":"Quesera Herenciana Cofer","description":"Queso Manchego de Oveja","potentialAction":[{"@type":"SearchAction","target":{"@type":"EntryPoint","urlTemplate":"https:\/\/queseraherencianacofer.com\/en\/?s={search_term_string}"},"query-input":{"@type":"PropertyValueSpecification","valueRequired":true,"valueName":"search_term_string"}}],"inLanguage":"en-US"}]}},"_links":{"self":[{"href":"https:\/\/queseraherencianacofer.com\/en\/wp-json\/wp\/v2\/pages\/2710","targetHints":{"allow":["GET"]}}],"collection":[{"href":"https:\/\/queseraherencianacofer.com\/en\/wp-json\/wp\/v2\/pages"}],"about":[{"href":"https:\/\/queseraherencianacofer.com\/en\/wp-json\/wp\/v2\/types\/page"}],"author":[{"embeddable":true,"href":"https:\/\/queseraherencianacofer.com\/en\/wp-json\/wp\/v2\/users\/1"}],"replies":[{"embeddable":true,"href":"https:\/\/queseraherencianacofer.com\/en\/wp-json\/wp\/v2\/comments?post=2710"}],"version-history":[{"count":1,"href":"https:\/\/queseraherencianacofer.com\/en\/wp-json\/wp\/v2\/pages\/2710\/revisions"}],"predecessor-version":[{"id":2711,"href":"https:\/\/queseraherencianacofer.com\/en\/wp-json\/wp\/v2\/pages\/2710\/revisions\/2711"}],"wp:attachment":[{"href":"https:\/\/queseraherencianacofer.com\/en\/wp-json\/wp\/v2\/media?parent=2710"}],"curies":[{"name":"wp","href":"https:\/\/api.w.org\/{rel}","templated":true}]}}