{"id":2712,"date":"2026-02-12T12:54:40","date_gmt":"2026-02-12T12:54:40","guid":{"rendered":"https:\/\/queseraherencianacofer.com\/cookie-policy\/"},"modified":"2026-02-19T12:43:51","modified_gmt":"2026-02-19T12:43:51","slug":"cookie-policy","status":"publish","type":"page","link":"https:\/\/queseraherencianacofer.com\/en\/cookie-policy\/","title":{"rendered":"Cookie policy"},"content":{"rendered":"\n<p><\/p>\n\n<p>-Definici\u00f3n de las cookies<\/p>\n\n<p>Este sitio web emplea cookies. Pr\u00e1cticamente todos los sitios web utilizan la tecnolog\u00eda de las cookies. Las cookies son ficheros que se descargan en el ordenador del usuario al acceder a un sitio web o a determinadas partes de un sitio web. Las cookies nos permiten, entre otras cosas, almacenar y recuperar informaci\u00f3n sobre los h\u00e1bitos de navegaci\u00f3n de un usuario o de su equipo. Tambi\u00e9n proporcionan seguridad a la hora de acceder a nuestra web y garantizan que el sitio web tenga un aspecto uniforme y adecuado a sus preferencias.    <\/p>\n\n<p>-Tipos de cookies<\/p>\n\n<p>Seg\u00fan quien sea la entidad que gestione el dominio desde donde se env\u00edan las cookies y trate los datos que se obtengan se pueden distinguir dos tipos: cookies propias y cookies de terceros. Existe tambi\u00e9n una segunda clasificaci\u00f3n seg\u00fan el plazo de tiempo que permanecen almacenadas en el navegador del cliente, pudiendo tratarse de cookies de sesi\u00f3n o cookies persistentes. Por \u00faltimo, existe otra clasificaci\u00f3n con cinco tipos de cookies seg\u00fan la finalidad para la que se traten los datos obtenidos: cookies t\u00e9cnicas, cookies de personalizaci\u00f3n, cookies de an\u00e1lisis, cookies publicitarias y cookies de publicidad comportamental.  <\/p>\n\n<p>Para m\u00e1s informaci\u00f3n a este respecto puede consultar la Gu\u00eda sobre el uso de las cookies de la Agencia Espa\u00f1ola de Protecci\u00f3n de Datos<\/p>\n\n<p>\u2013 Tipos de cookies que utiliza este sitio web<\/p>\n\n<p>Cookies t\u00e9cnicas\/ de personalizaci\u00f3n: Son aqu\u00e9llas que permiten al usuario la navegaci\u00f3n a trav\u00e9s de una p\u00e1gina web, plataforma o aplicaci\u00f3n y la utilizaci\u00f3n de las diferentes opciones o servicios que en ella existan como, por ejemplo, controlar el tr\u00e1fico y la comunicaci\u00f3n de datos, identificarla sesi\u00f3n, acceder a partes de acceso restringido, recordar los elementos que integran un pedido, realizar el proceso de compra de un pedido, realizar la solicitud de inscripci\u00f3n o participaci\u00f3n en un evento, utilizar elementos de seguridad durante la navegaci\u00f3n, almacenar contenidos para la difusi\u00f3n de videos o sonido o compartir contenidos a trav\u00e9s de redes sociales. Tambi\u00e9n permiten al usuario acceder al servicio con algunas caracter\u00edsticas de car\u00e1cter general predefinidas en funci\u00f3n de una serie de criterios en el terminal del usuario como por ejemplo serian el idioma, el tipo de navegador a trav\u00e9s del cual accede al servicio, la configuraci\u00f3n regional desde donde accede al servicio, etc. <\/p>\n\n<p>NOMBRE DE LA COOKIE \u2013 SESI\u00d3N \/ PERSISTENTE \u2013 FINALIDAD<br\/>PROPIA \u2013 DE TERCEROS<br\/>PREF<br\/>Persistente Contiene datos sobre preferencias de visualizaci\u00f3n y uso del buscador.<br\/>De terceros (Google inc)<br\/>NID Persistente Contiene datos sobre preferencias del usuario<br\/>De terceros (Google inc)<br\/>OGPC Persistente Utilizada por servicios de Google Maps<br\/>De terceros (Google inc)<br\/>guest_id Persistente Recuerda el ID de invitado para mostrar las \u00faltimas novedades de nuestra cuenta de Twitter.<br\/>De terceros (Twitter inc)<br\/>YSC Sesi\u00f3n Identificador para control de visitas a videos de Youtube<br\/>De terceros (Google inc\/Youtube)<br\/>VISITOR_INFO1_LIVE Persistente Identificador para control de visitas a videos de Youtube<br\/>De terceros (Google inc\/Youtube)<br\/>PREF Persistente Contiene datos sobre preferencias de visualizaci\u00f3n.<br\/>De terceros (Google inc\/ Youtube)<br\/>GEUP Persistente Permite la carga y visualizaci\u00f3n de videos.<br\/>De terceros (Google inc\/ Youtube)<br\/>gh_music_feed_tab Persistente Permite la carga y visualizaci\u00f3n de videos.<br\/>De terceros (Google inc\/ Youtube)<br\/>remote_sid Persistente Permite la carga y visualizaci\u00f3n de videos.<br\/>De terceros (Google inc\/ Youtube)<br\/>datr Persistente Cookie de seguridad utilizada por Facebook<br\/>De terceros (Facebook)<br\/>lu Persistente Cookie de seguridad utilizada por Facebook<br\/>De terceros (Facebook)<\/p>\n\n<p>Cookies de an\u00e1lisis. Son aquellas que permiten el seguimiento y an\u00e1lisis del comportamiento de los usuarios de los sitios web a los que est\u00e1n vinculadas. La informaci\u00f3n recogida mediante este tipo de cookies se utiliza en la medici\u00f3n de la actividad de los sitios web, aplicaci\u00f3n o plataforma y para la elaboraci\u00f3n de perfiles de navegaci\u00f3n de los usuarios de dichos sitios, aplicaciones y plataformas, con el fin de introducir mejoras en funci\u00f3n del an\u00e1lisis de los datos de uso que hacen los usuarios del sitio web.  <\/p>\n\n<p>NOMBRE DE LA COOKIE SESI\u00d3N\/PERSISTENTE FINALIDAD PROPIA\/DE TERCEROS<br\/>_gat Sesi\u00f3n Distinguir entre los diferentes objetos de seguimiento creados en la sesi\u00f3n. De terceros (Google Analytics)<br\/>_ga Persistente Distinguir usuarios y sesiones De terceros (Google Analytics) <\/p>\n\n<p>\u2013 Como deshabilitar las Cookies<\/p>\n\n<p>Usted puede permitir, bloquear o eliminar cookies instaladas en su equipo mediante la configuraci\u00f3n de las opciones del navegador instalado en su ordenador. A continuaci\u00f3n mostramos informaci\u00f3n sobre estos aspectos relacionados con los principales navegadores. <\/p>\n\n<p>Internet Explorer: Herramientas\/ Opciones de Internet\/ Privacidad\/ Configuraci\u00f3n.<\/p>\n\n<p>Si desea m\u00e1s informaci\u00f3n puede consultar el soporte Microsoft o ayuda del navegador.<\/p>\n\n<p>Firefox: Herramientas\/ Opciones\/ Privacidad\/ Historial.<\/p>\n\n<p>Si desea m\u00e1s informaci\u00f3n puede consultar el soporte Mozilla o ayuda del navegador.<\/p>\n\n<p>Chrome: Configuraci\u00f3n\/ Mostrar opciones avanzadas\/ Privacidad\/ Configuraci\u00f3n de contenido.<\/p>\n\n<p>Si desea m\u00e1s informaci\u00f3n puede consultar el soporte Google o ayuda del navegador.<\/p>\n\n<p>Safari: Preferencias\/ Seguridad.<\/p>\n\n<p>Si desea m\u00e1s informaci\u00f3n puede consultar el soporte Apple o ayuda del navegador.<\/p>\n\n<p>Opera: Preferencias\/ Privacidad.<\/p>\n\n<p>Si desea m\u00e1s informaci\u00f3n puede consultar el soporte de Opera o ayuda del navegador.<\/p>\n\n<p>\u2013 Consecuencias de deshabilitar las cookies<\/p>\n\n<p>Tenga en cuenta que los cambios en el uso de las cookies pueden provocar que parte o la totalidad de las funcionalidades del sitio web dejen de estar operativas.<\/p>\n\n<p>\u2013 Actualizaci\u00f3n y cambios en la pol\u00edtica de cookies<\/p>\n\n<p>El objetivo de esta lista de cookies es ayudar a reconocer las cookies en su navegador cuando Ud. nos visite.<\/p>\n\n<p>Hemos tratado de cubrir todas las cookies que nosotros o nuestros socios de tecnolog\u00eda utilizamos, pero por favor, tenga en cuenta que a veces puede haber retraso en la actualizaci\u00f3n de esta lista. Si Ud. nota una discrepancia o cree que una cookie no est\u00e1 presente, por favor, h\u00e1ganoslo saber mediante la direcci\u00f3n de correo electr\u00f3nico de contacto.<\/p>\n\n<p>Le informamos que este sitio web puede cambiar su pol\u00edtica de cookies en funci\u00f3n de cambios en la legislaci\u00f3n aplicable o bien como consecuencia de cambios en el sitio web o en los servicios e informaci\u00f3n que presta a los usuarios. Recomendamos el acceso peri\u00f3dico a las condiciones de utilizaci\u00f3n para conocer los cambios, modificaciones y actualizaciones que puedan producirse. Para m\u00e1s informaci\u00f3n puede utilizar nuestra direcci\u00f3n de correo electr\u00f3nico de contacto.<\/p>\n","protected":false},"excerpt":{"rendered":"<p>-Definici\u00f3n de las cookies Este sitio web emplea cookies. Pr\u00e1cticamente todos los sitios web utilizan la tecnolog\u00eda de las cookies. Las cookies son ficheros que se descargan en el ordenador del usuario al acceder a un sitio web o a determinadas partes de un sitio web. Las cookies nos permiten, entre otras cosas, almacenar y [&hellip;]<\/p>\n","protected":false},"author":1,"featured_media":0,"parent":0,"menu_order":0,"comment_status":"closed","ping_status":"closed","template":"","meta":{"_acf_changed":false,"footnotes":""},"class_list":["post-2712","page","type-page","status-publish","hentry"],"acf":[],"yoast_head":"<!-- This site is optimized with the Yoast SEO plugin v27.5 - https:\/\/yoast.com\/product\/yoast-seo-wordpress\/ -->\n<title>Cookie policy - Quesera Herenciana Cofer<\/title>\n<meta name=\"robots\" content=\"index, follow, max-snippet:-1, max-image-preview:large, max-video-preview:-1\" \/>\n<link rel=\"canonical\" href=\"https:\/\/queseraherencianacofer.com\/en\/cookie-policy\/\" \/>\n<meta property=\"og:locale\" content=\"en_US\" \/>\n<meta property=\"og:type\" content=\"article\" \/>\n<meta property=\"og:title\" content=\"Cookie policy - Quesera Herenciana Cofer\" \/>\n<meta property=\"og:description\" content=\"-Definici\u00f3n de las cookies Este sitio web emplea cookies. Pr\u00e1cticamente todos los sitios web utilizan la tecnolog\u00eda de las cookies. Las cookies son ficheros que se descargan en el ordenador del usuario al acceder a un sitio web o a determinadas partes de un sitio web. Las cookies nos permiten, entre otras cosas, almacenar y [&hellip;]\" \/>\n<meta property=\"og:url\" content=\"https:\/\/queseraherencianacofer.com\/en\/cookie-policy\/\" \/>\n<meta property=\"og:site_name\" content=\"Quesera Herenciana Cofer\" \/>\n<meta property=\"article:modified_time\" content=\"2026-02-19T12:43:51+00:00\" \/>\n<meta name=\"twitter:card\" content=\"summary_large_image\" \/>\n<meta name=\"twitter:label1\" content=\"Est. reading time\" \/>\n\t<meta name=\"twitter:data1\" content=\"6 minutes\" \/>\n<script type=\"application\/ld+json\" class=\"yoast-schema-graph\">{\"@context\":\"https:\\\/\\\/schema.org\",\"@graph\":[{\"@type\":\"WebPage\",\"@id\":\"https:\\\/\\\/queseraherencianacofer.com\\\/en\\\/cookie-policy\\\/\",\"url\":\"https:\\\/\\\/queseraherencianacofer.com\\\/en\\\/cookie-policy\\\/\",\"name\":\"Cookie policy - Quesera Herenciana Cofer\",\"isPartOf\":{\"@id\":\"https:\\\/\\\/queseraherencianacofer.com\\\/en\\\/#website\"},\"datePublished\":\"2026-02-12T12:54:40+00:00\",\"dateModified\":\"2026-02-19T12:43:51+00:00\",\"breadcrumb\":{\"@id\":\"https:\\\/\\\/queseraherencianacofer.com\\\/en\\\/cookie-policy\\\/#breadcrumb\"},\"inLanguage\":\"en-US\",\"potentialAction\":[{\"@type\":\"ReadAction\",\"target\":[\"https:\\\/\\\/queseraherencianacofer.com\\\/en\\\/cookie-policy\\\/\"]}]},{\"@type\":\"BreadcrumbList\",\"@id\":\"https:\\\/\\\/queseraherencianacofer.com\\\/en\\\/cookie-policy\\\/#breadcrumb\",\"itemListElement\":[{\"@type\":\"ListItem\",\"position\":1,\"name\":\"Portada\",\"item\":\"https:\\\/\\\/queseraherencianacofer.com\\\/en\\\/home\\\/\"},{\"@type\":\"ListItem\",\"position\":2,\"name\":\"Cookie policy\"}]},{\"@type\":\"WebSite\",\"@id\":\"https:\\\/\\\/queseraherencianacofer.com\\\/en\\\/#website\",\"url\":\"https:\\\/\\\/queseraherencianacofer.com\\\/en\\\/\",\"name\":\"Quesera Herenciana Cofer\",\"description\":\"Queso Manchego de Oveja\",\"potentialAction\":[{\"@type\":\"SearchAction\",\"target\":{\"@type\":\"EntryPoint\",\"urlTemplate\":\"https:\\\/\\\/queseraherencianacofer.com\\\/en\\\/?s={search_term_string}\"},\"query-input\":{\"@type\":\"PropertyValueSpecification\",\"valueRequired\":true,\"valueName\":\"search_term_string\"}}],\"inLanguage\":\"en-US\"}]}<\/script>\n<!-- \/ Yoast SEO plugin. -->","yoast_head_json":{"title":"Cookie policy - Quesera Herenciana Cofer","robots":{"index":"index","follow":"follow","max-snippet":"max-snippet:-1","max-image-preview":"max-image-preview:large","max-video-preview":"max-video-preview:-1"},"canonical":"https:\/\/queseraherencianacofer.com\/en\/cookie-policy\/","og_locale":"en_US","og_type":"article","og_title":"Cookie policy - Quesera Herenciana Cofer","og_description":"-Definici\u00f3n de las cookies Este sitio web emplea cookies. Pr\u00e1cticamente todos los sitios web utilizan la tecnolog\u00eda de las cookies. Las cookies son ficheros que se descargan en el ordenador del usuario al acceder a un sitio web o a determinadas partes de un sitio web. Las cookies nos permiten, entre otras cosas, almacenar y [&hellip;]","og_url":"https:\/\/queseraherencianacofer.com\/en\/cookie-policy\/","og_site_name":"Quesera Herenciana Cofer","article_modified_time":"2026-02-19T12:43:51+00:00","twitter_card":"summary_large_image","twitter_misc":{"Est. reading time":"6 minutes"},"schema":{"@context":"https:\/\/schema.org","@graph":[{"@type":"WebPage","@id":"https:\/\/queseraherencianacofer.com\/en\/cookie-policy\/","url":"https:\/\/queseraherencianacofer.com\/en\/cookie-policy\/","name":"Cookie policy - Quesera Herenciana Cofer","isPartOf":{"@id":"https:\/\/queseraherencianacofer.com\/en\/#website"},"datePublished":"2026-02-12T12:54:40+00:00","dateModified":"2026-02-19T12:43:51+00:00","breadcrumb":{"@id":"https:\/\/queseraherencianacofer.com\/en\/cookie-policy\/#breadcrumb"},"inLanguage":"en-US","potentialAction":[{"@type":"ReadAction","target":["https:\/\/queseraherencianacofer.com\/en\/cookie-policy\/"]}]},{"@type":"BreadcrumbList","@id":"https:\/\/queseraherencianacofer.com\/en\/cookie-policy\/#breadcrumb","itemListElement":[{"@type":"ListItem","position":1,"name":"Portada","item":"https:\/\/queseraherencianacofer.com\/en\/home\/"},{"@type":"ListItem","position":2,"name":"Cookie policy"}]},{"@type":"WebSite","@id":"https:\/\/queseraherencianacofer.com\/en\/#website","url":"https:\/\/queseraherencianacofer.com\/en\/","name":"Quesera Herenciana Cofer","description":"Queso Manchego de Oveja","potentialAction":[{"@type":"SearchAction","target":{"@type":"EntryPoint","urlTemplate":"https:\/\/queseraherencianacofer.com\/en\/?s={search_term_string}"},"query-input":{"@type":"PropertyValueSpecification","valueRequired":true,"valueName":"search_term_string"}}],"inLanguage":"en-US"}]}},"_links":{"self":[{"href":"https:\/\/queseraherencianacofer.com\/en\/wp-json\/wp\/v2\/pages\/2712","targetHints":{"allow":["GET"]}}],"collection":[{"href":"https:\/\/queseraherencianacofer.com\/en\/wp-json\/wp\/v2\/pages"}],"about":[{"href":"https:\/\/queseraherencianacofer.com\/en\/wp-json\/wp\/v2\/types\/page"}],"author":[{"embeddable":true,"href":"https:\/\/queseraherencianacofer.com\/en\/wp-json\/wp\/v2\/users\/1"}],"replies":[{"embeddable":true,"href":"https:\/\/queseraherencianacofer.com\/en\/wp-json\/wp\/v2\/comments?post=2712"}],"version-history":[{"count":1,"href":"https:\/\/queseraherencianacofer.com\/en\/wp-json\/wp\/v2\/pages\/2712\/revisions"}],"predecessor-version":[{"id":2713,"href":"https:\/\/queseraherencianacofer.com\/en\/wp-json\/wp\/v2\/pages\/2712\/revisions\/2713"}],"wp:attachment":[{"href":"https:\/\/queseraherencianacofer.com\/en\/wp-json\/wp\/v2\/media?parent=2712"}],"curies":[{"name":"wp","href":"https:\/\/api.w.org\/{rel}","templated":true}]}}